{"id":2323,"date":"2018-04-22T12:12:00","date_gmt":"2018-04-22T10:12:00","guid":{"rendered":"http:\/\/www.pat-apat.org\/fes-te-soci-col%c2%b7labora-amb-nosaltres\/"},"modified":"2024-05-07T00:34:21","modified_gmt":"2024-05-06T22:34:21","slug":"fes-te-soci-col%c2%b7labora-amb-nosaltres","status":"publish","type":"page","link":"https:\/\/www.pat-apat.org\/ca\/fes-te-soci-col%c2%b7labora-amb-nosaltres\/","title":{"rendered":"Fes-te soci, col\u00b7labora amb nosaltres"},"content":{"rendered":"\n<style type=\"text\/css\" data-created_by=\"avia_inline_auto\" id=\"style-css-av-jhxox5fw-85e28c6bd98b44012c8804e72676e2c1\">\n.avia-section.av-jhxox5fw-85e28c6bd98b44012c8804e72676e2c1{\nbackground-repeat:no-repeat;\nbackground-image:url(https:\/\/www.pat-apat.org\/wp-content\/uploads\/2018\/04\/02_slider_PAT.jpg);\nbackground-position:50% 50%;\nbackground-attachment:fixed;\n}\n<\/style>\n<div id='av_section_1'  class='avia-section av-jhxox5fw-85e28c6bd98b44012c8804e72676e2c1 main_color avia-section-default avia-no-border-styling  avia-builder-el-0  el_before_av_textblock  avia-builder-el-first  avia-full-stretch avia-bg-style-fixed  av-minimum-height av-minimum-height-custom  container_wrap sidebar_right'  data-section-bg-repeat='stretch'><div class='container av-section-cont-open' style='height:400px'><main  role=\"main\" itemprop=\"mainContentOfPage\"  class='template-page content  av-content-small alpha units'><div class='post-entry post-entry-type-page post-entry-2323'><div class='entry-content-wrapper clearfix'>\n\n<style type=\"text\/css\" data-created_by=\"avia_inline_auto\" id=\"style-css-av-jhz4youz-80049c6d8026beb4ba8473f7def75145\">\n.av_textblock_section.av-jhz4youz-80049c6d8026beb4ba8473f7def75145 .avia_textblock{\ncolor:#ffffff;\nfont-size:40px;\n}\n<\/style>\n<section  class='av_textblock_section av-jhz4youz-80049c6d8026beb4ba8473f7def75145 '  itemscope=\"itemscope\" itemtype=\"https:\/\/schema.org\/CreativeWork\" ><div class='avia_textblock tit_sobre_img av_inherit_color '  itemprop=\"text\" ><h1>FES-TE SOCI, COL\u00b7LABORA AMB NOSALTRES<\/h1>\n<\/div><\/section>\n<\/div><\/div><\/main><!-- close content main element --><\/div><\/div><div id='after_section_1'  class='main_color av_default_container_wrap container_wrap sidebar_right'  ><div class='container av-section-cont-open' ><div class='template-page content  av-content-small alpha units'><div class='post-entry post-entry-type-page post-entry-2323'><div class='entry-content-wrapper clearfix'>\n<section  class='av_textblock_section av-ji1kanky-f4f0701b5e4e1a2cc5b4efd7b7e4ac35 '  itemscope=\"itemscope\" itemtype=\"https:\/\/schema.org\/CreativeWork\" ><div class='avia_textblock '  itemprop=\"text\" ><h5>PER A ACONSEGUIR MINORAR LES XIFRES DE SINISTRES NECESSITEM COL\u00b7LABORADORS I SOCIS<\/h5>\n<p>En P(A)T-AP(A)T vam pensar que queda molt cam\u00ed que rec\u00f3rrer perqu\u00e8 de deb\u00f2 es prengui consci\u00e8ncia de la facilitat amb la qual, per desgr\u00e0cia, cada any moren milers de persones en la carreteres o de la facilitat amb la qual en uns segons altres milers queden ferides de gravetat. De la situaci\u00f3 de desemparament de familiars i amics i de l&#8217;alt cost social d&#8217;aquesta plaga. L&#8217;associaci\u00f3 necessita el teu suport i la teva ajuda per a aconseguir que la prevenci\u00f3 de sinistres de tr\u00e0nsit sigui una realitat.<\/p>\n<p><script src=\"https:\/\/www.paypal.com\/sdk\/js?client-id=BAASTT-TAVqdaHXo7Yr2MOMpnSEbWNTNPRwSGHtNOqXAN4HqqX1kbK1OX_jCip-yOVAuTbCwaYpuVCa4CU&#038;components=hosted-buttons&#038;disable-funding=venmo\u00a4cy=EUR\"><\/script><\/p>\n<div id=\"paypal-container-GEDLV9RWRU8XQ\"><\/div>\n<p><script> paypal.HostedButtons({ hostedButtonId: \"GEDLV9RWRU8XQ\", }).render(\"#paypal-container-GEDLV9RWRU8XQ\") <\/script><\/p>\n<p><b class=\"celda_resalte_azul\">Si desitges informaci\u00f3 o si el que vols \u00e9s col\u00b7laborar i fer-te soci emplena les caselles amb les teves dades i ens posarem en contacte amb tu de forma r\u00e0pida.<\/b><\/p>\n<p>\n<div class=\"wpcf7 no-js\" id=\"wpcf7-f6506-o1\" lang=\"es-ES\" dir=\"ltr\" data-wpcf7-id=\"6506\">\n<div class=\"screen-reader-response\"><p role=\"status\" aria-live=\"polite\" aria-atomic=\"true\"><\/p> <ul><\/ul><\/div>\n<form action=\"\/ca\/wp-json\/wp\/v2\/pages\/2323#wpcf7-f6506-o1\" method=\"post\" class=\"wpcf7-form init wpcf7-acceptance-as-validation\" aria-label=\"Formulario de contacto\" novalidate=\"novalidate\" data-status=\"init\">\n<div style=\"display: none;\">\n<input type=\"hidden\" name=\"_wpcf7\" value=\"6506\" \/>\n<input type=\"hidden\" name=\"_wpcf7_version\" value=\"6.0.2\" \/>\n<input type=\"hidden\" name=\"_wpcf7_locale\" value=\"es_ES\" \/>\n<input type=\"hidden\" name=\"_wpcf7_unit_tag\" value=\"wpcf7-f6506-o1\" \/>\n<input type=\"hidden\" name=\"_wpcf7_container_post\" value=\"0\" \/>\n<input type=\"hidden\" name=\"_wpcf7_posted_data_hash\" value=\"\" \/>\n<input type=\"hidden\" name=\"_wpcf7_recaptcha_response\" value=\"\" \/>\n<\/div>\n<p><label> Nom * <span class=\"wpcf7-form-control-wrap\" data-name=\"your-name\"><input size=\"40\" maxlength=\"400\" class=\"wpcf7-form-control wpcf7-text wpcf7-validates-as-required\" aria-required=\"true\" aria-invalid=\"false\" value=\"\" type=\"text\" name=\"your-name\" \/><\/span> <\/label><br \/>\n<label> Cognoms * <span class=\"wpcf7-form-control-wrap\" data-name=\"apellidos\"><input size=\"40\" maxlength=\"400\" class=\"wpcf7-form-control wpcf7-text wpcf7-validates-as-required\" aria-required=\"true\" aria-invalid=\"false\" value=\"\" type=\"text\" name=\"apellidos\" \/><\/span> <\/label><br \/>\n<label> Any de naixement <span class=\"wpcf7-form-control-wrap\" data-name=\"nacimiento\"><input size=\"40\" maxlength=\"400\" class=\"wpcf7-form-control wpcf7-text\" aria-invalid=\"false\" value=\"\" type=\"text\" name=\"nacimiento\" \/><\/span> <\/label><br \/>\n<label> Adre\u00e7a <span class=\"wpcf7-form-control-wrap\" data-name=\"direccion\"><input size=\"40\" maxlength=\"400\" class=\"wpcf7-form-control wpcf7-text\" aria-invalid=\"false\" value=\"\" type=\"text\" name=\"direccion\" \/><\/span> <\/label><br \/>\n<label> Ciutat <span class=\"wpcf7-form-control-wrap\" data-name=\"ciudad\"><input size=\"40\" maxlength=\"400\" class=\"wpcf7-form-control wpcf7-text\" aria-invalid=\"false\" value=\"\" type=\"text\" name=\"ciudad\" \/><\/span> <\/label><br \/>\n<label> Codi Postal <span class=\"wpcf7-form-control-wrap\" data-name=\"cp\"><input size=\"40\" maxlength=\"400\" class=\"wpcf7-form-control wpcf7-text\" aria-invalid=\"false\" value=\"\" type=\"text\" name=\"cp\" \/><\/span> <\/label><br \/>\n<label> Tel\u00e8fon * <span class=\"wpcf7-form-control-wrap\" data-name=\"telefono\"><input size=\"40\" maxlength=\"400\" class=\"wpcf7-form-control wpcf7-tel wpcf7-validates-as-required wpcf7-text wpcf7-validates-as-tel\" aria-required=\"true\" aria-invalid=\"false\" value=\"\" type=\"tel\" name=\"telefono\" \/><\/span> <\/label><br \/>\n<label> Correu electr\u00f2nic * <span class=\"wpcf7-form-control-wrap\" data-name=\"your-email\"><input size=\"40\" maxlength=\"400\" class=\"wpcf7-form-control wpcf7-email wpcf7-validates-as-required wpcf7-text wpcf7-validates-as-email\" aria-required=\"true\" aria-invalid=\"false\" value=\"\" type=\"email\" name=\"your-email\" \/><\/span> <\/label><br \/>\n<label> Tipus de soci o membre | Quota o donaci\u00f3 <\/label><br \/>\n<span class=\"wpcf7-form-control-wrap\" data-name=\"tipo\"><span class=\"wpcf7-form-control wpcf7-radio\"><span class=\"wpcf7-list-item first\"><input type=\"radio\" name=\"tipo\" value=\"Soci individual: 25 euros\/any\" \/><span class=\"wpcf7-list-item-label\">Soci individual: 25 euros\/any<\/span><\/span><span class=\"wpcf7-list-item\"><input type=\"radio\" name=\"tipo\" value=\"Soci corporatiu: 100 euros\/any\" \/><span class=\"wpcf7-list-item-label\">Soci corporatiu: 100 euros\/any<\/span><\/span><span class=\"wpcf7-list-item\"><input type=\"radio\" name=\"tipo\" value=\"Sponsor \/ Patrocinador: Segons el conveni a subscriure\" \/><span class=\"wpcf7-list-item-label\">Sponsor \/ Patrocinador: Segons el conveni a subscriure<\/span><\/span><span class=\"wpcf7-list-item last\"><input type=\"radio\" name=\"tipo\" value=\"Donaci\u00f3\" \/><span class=\"wpcf7-list-item-label\">Donaci\u00f3<\/span><\/span><\/span><\/span><br \/>\n<label> En cas de donaci\u00f3: Quantitat <span class=\"wpcf7-form-control-wrap\" data-name=\"cantidad\"><input size=\"40\" maxlength=\"400\" class=\"wpcf7-form-control wpcf7-text\" aria-invalid=\"false\" value=\"\" type=\"text\" name=\"cantidad\" \/><\/span> <\/label><br \/>\n<label> Comentari \/ observaci\u00f3: <span class=\"wpcf7-form-control-wrap\" data-name=\"comentario\"><textarea cols=\"40\" rows=\"10\" maxlength=\"2000\" class=\"wpcf7-form-control wpcf7-textarea\" aria-invalid=\"false\" name=\"comentario\"><\/textarea><\/span> <\/label><br \/>\n<span class=\"wpcf7-form-control-wrap\" data-name=\"pp\"><span class=\"wpcf7-form-control wpcf7-acceptance\"><span class=\"wpcf7-list-item\"><label><span class=\"wpcf7-list-item-label\">Accepto la pol\u00edtica de privacitat<\/span><input type=\"checkbox\" name=\"pp\" value=\"1\" aria-invalid=\"false\" \/><\/label><\/span><\/span><\/span><br \/>\n<input class=\"wpcf7-form-control wpcf7-submit has-spinner\" type=\"submit\" value=\"Fer-se soci\" \/>\n<\/p>\n<input class=\"wpcf7-form-control wpcf7-hidden\" value=\"Fer-se soci\" type=\"hidden\" name=\"your-subject\" \/><div class=\"wpcf7-response-output\" aria-hidden=\"true\"><\/div>\n<\/form>\n<\/div>\n<br \/>\nVeure la <a href=\"http:\/\/www.pat-apat.org\/ca\/politica-de-privacitat\/\"><strong>pol\u00edtica de privacitat<\/strong><\/a><\/p>\n<\/div><\/section>\n<div  class='hr av-ji1krkng-dabce7adcbf0a5612b3182138b277e95 hr-default  avia-builder-el-3  el_after_av_textblock  avia-builder-el-last  '><span class='hr-inner '><span class=\"hr-inner-style\"><\/span><\/span><\/div>\n","protected":false},"excerpt":{"rendered":"","protected":false},"author":2,"featured_media":0,"parent":0,"menu_order":0,"comment_status":"closed","ping_status":"closed","template":"","meta":{"_acf_changed":false,"footnotes":""},"class_list":["post-2323","page","type-page","status-publish","hentry"],"acf":[],"_links":{"self":[{"href":"https:\/\/www.pat-apat.org\/ca\/wp-json\/wp\/v2\/pages\/2323","targetHints":{"allow":["GET"]}}],"collection":[{"href":"https:\/\/www.pat-apat.org\/ca\/wp-json\/wp\/v2\/pages"}],"about":[{"href":"https:\/\/www.pat-apat.org\/ca\/wp-json\/wp\/v2\/types\/page"}],"author":[{"embeddable":true,"href":"https:\/\/www.pat-apat.org\/ca\/wp-json\/wp\/v2\/users\/2"}],"replies":[{"embeddable":true,"href":"https:\/\/www.pat-apat.org\/ca\/wp-json\/wp\/v2\/comments?post=2323"}],"version-history":[{"count":6,"href":"https:\/\/www.pat-apat.org\/ca\/wp-json\/wp\/v2\/pages\/2323\/revisions"}],"predecessor-version":[{"id":15071,"href":"https:\/\/www.pat-apat.org\/ca\/wp-json\/wp\/v2\/pages\/2323\/revisions\/15071"}],"wp:attachment":[{"href":"https:\/\/www.pat-apat.org\/ca\/wp-json\/wp\/v2\/media?parent=2323"}],"curies":[{"name":"wp","href":"https:\/\/api.w.org\/{rel}","templated":true}]}}